{"id":86,"date":"2025-02-10T16:04:44","date_gmt":"2025-02-10T15:04:44","guid":{"rendered":"https:\/\/medizinrecht-heynemann.de\/de\/?page_id=86"},"modified":"2025-02-11T12:34:00","modified_gmt":"2025-02-11T11:34:00","slug":"kanzlei-heynemann","status":"publish","type":"page","link":"https:\/\/medizinrecht-heynemann.de\/de\/kanzlei-heynemann\/","title":{"rendered":"Kanzlei Heynemann"},"content":{"rendered":"","protected":false},"excerpt":{"rendered":"","protected":false},"author":1,"featured_media":479,"parent":0,"menu_order":0,"comment_status":"closed","ping_status":"closed","template":"","meta":{"footnotes":""},"class_list":["post-86","page","type-page","status-publish","has-post-thumbnail","hentry"],"yoast_head":"<!-- This site is optimized with the Yoast SEO plugin v26.9 - https:\/\/yoast.com\/product\/yoast-seo-wordpress\/ -->\n<title>Behandlungsfehler Geburtsschaden: Medizinrecht Heynemann - Kanzlei<\/title>\n<meta name=\"description\" content=\"Wir sind Fachanw\u00e4lte f\u00fcr Medizinrecht und Versicherungsrecht und helfen Ihnen bei Behandlunsfehlern, Geburtssch\u00e4den, und Arzthaftungsfehlern\" \/>\n<meta name=\"robots\" content=\"index, follow, max-snippet:-1, max-image-preview:large, max-video-preview:-1\" \/>\n<link rel=\"canonical\" href=\"https:\/\/medizinrecht-heynemann.de\/de\/kanzlei-heynemann\/\" \/>\n<meta property=\"og:locale\" content=\"de_DE\" \/>\n<meta property=\"og:type\" content=\"article\" \/>\n<meta property=\"og:title\" content=\"Medizinrecht Behandlungsfehler Geburtsschaden: Kanzlei Heynemann\" \/>\n<meta property=\"og:description\" content=\"Wir sind Fachanw\u00e4lte f\u00fcr Medizinrecht und Versicherungsrecht und helfen Ihnen bei Behandlunsfehlern, Geburtssch\u00e4den, und Arzthaftungsfehlern\" \/>\n<meta property=\"og:url\" content=\"https:\/\/medizinrecht-heynemann.de\/de\/kanzlei-heynemann\/\" \/>\n<meta property=\"og:site_name\" content=\"Kanzlei Heynemann\" \/>\n<meta property=\"article:modified_time\" content=\"2025-02-11T11:34:00+00:00\" \/>\n<meta property=\"og:image\" content=\"https:\/\/medizinrecht-heynemann.de\/de\/wp-content\/uploads\/sites\/2\/2021\/11\/medizinrecht-heynemann_slide01.jpg\" \/>\n\t<meta property=\"og:image:width\" content=\"2000\" \/>\n\t<meta property=\"og:image:height\" content=\"1303\" \/>\n\t<meta property=\"og:image:type\" content=\"image\/jpeg\" \/>\n<meta name=\"twitter:card\" content=\"summary_large_image\" \/>\n<meta name=\"twitter:title\" content=\"Medizinrecht Behandlungsfehler Geburtsschaden: Kanzlei Heynemann\" \/>\n<meta name=\"twitter:description\" content=\"Wir sind Fachanw\u00e4lte f\u00fcr Medizinrecht und Versicherungsrecht und helfen Ihnen bei Behandlunsfehlern, Geburtssch\u00e4den, und Arzthaftungsfehlern\" \/>\n<meta name=\"twitter:image\" content=\"https:\/\/medizinrecht-heynemann.de\/de\/wp-content\/uploads\/sites\/2\/2021\/11\/medizinrecht-heynemann_slide01.jpg\" \/>\n<meta name=\"twitter:label1\" content=\"Gesch\u00e4tzte Lesezeit\" \/>\n\t<meta name=\"twitter:data1\" content=\"1\u00a0Minute\" \/>\n<script type=\"application\/ld+json\" class=\"yoast-schema-graph\">{\"@context\":\"https:\/\/schema.org\",\"@graph\":[{\"@type\":[\"WebPage\",\"AboutPage\"],\"@id\":\"https:\/\/medizinrecht-heynemann.de\/de\/kanzlei-heynemann\/\",\"url\":\"https:\/\/medizinrecht-heynemann.de\/de\/kanzlei-heynemann\/\",\"name\":\"Behandlungsfehler Geburtsschaden: Medizinrecht Heynemann - Kanzlei\",\"isPartOf\":{\"@id\":\"https:\/\/medizinrecht-heynemann.de\/de\/#website\"},\"primaryImageOfPage\":{\"@id\":\"https:\/\/medizinrecht-heynemann.de\/de\/kanzlei-heynemann\/#primaryimage\"},\"image\":{\"@id\":\"https:\/\/medizinrecht-heynemann.de\/de\/kanzlei-heynemann\/#primaryimage\"},\"thumbnailUrl\":\"https:\/\/medizinrecht-heynemann.de\/de\/wp-content\/uploads\/sites\/2\/2021\/11\/medizinrecht-heynemann_slide01.jpg\",\"datePublished\":\"2025-02-10T15:04:44+00:00\",\"dateModified\":\"2025-02-11T11:34:00+00:00\",\"description\":\"Wir sind Fachanw\u00e4lte f\u00fcr Medizinrecht und Versicherungsrecht und helfen Ihnen bei Behandlunsfehlern, Geburtssch\u00e4den, und Arzthaftungsfehlern\",\"inLanguage\":\"de\",\"potentialAction\":[{\"@type\":\"ReadAction\",\"target\":[\"https:\/\/medizinrecht-heynemann.de\/de\/kanzlei-heynemann\/\"]}]},{\"@type\":\"ImageObject\",\"inLanguage\":\"de\",\"@id\":\"https:\/\/medizinrecht-heynemann.de\/de\/kanzlei-heynemann\/#primaryimage\",\"url\":\"https:\/\/medizinrecht-heynemann.de\/de\/wp-content\/uploads\/sites\/2\/2021\/11\/medizinrecht-heynemann_slide01.jpg\",\"contentUrl\":\"https:\/\/medizinrecht-heynemann.de\/de\/wp-content\/uploads\/sites\/2\/2021\/11\/medizinrecht-heynemann_slide01.jpg\",\"width\":2000,\"height\":1303,\"caption\":\"Anwaltskanzlei f\u00fcr Medizinrecht Berlin: Arzthaftungssch\u00e4den, Geburtssch\u00e4den, Medizinproduktehaftung\"},{\"@type\":\"WebSite\",\"@id\":\"https:\/\/medizinrecht-heynemann.de\/de\/#website\",\"url\":\"https:\/\/medizinrecht-heynemann.de\/de\/\",\"name\":\"Kanzlei Heynemann\",\"description\":\"Rechtsanw\u00e4lte f\u00fcr Medizinrecht und Geburtsschadensrecht\",\"publisher\":{\"@id\":\"https:\/\/medizinrecht-heynemann.de\/de\/#organization\"},\"potentialAction\":[{\"@type\":\"SearchAction\",\"target\":{\"@type\":\"EntryPoint\",\"urlTemplate\":\"https:\/\/medizinrecht-heynemann.de\/de\/?s={search_term_string}\"},\"query-input\":{\"@type\":\"PropertyValueSpecification\",\"valueRequired\":true,\"valueName\":\"search_term_string\"}}],\"inLanguage\":\"de\"},{\"@type\":\"Organization\",\"@id\":\"https:\/\/medizinrecht-heynemann.de\/de\/#organization\",\"name\":\"Anwalt f\u00fcr Medizinrecht Heynemann Berlin\",\"url\":\"https:\/\/medizinrecht-heynemann.de\/de\/\",\"logo\":{\"@type\":\"ImageObject\",\"inLanguage\":\"de\",\"@id\":\"https:\/\/medizinrecht-heynemann.de\/de\/#\/schema\/logo\/image\/\",\"url\":\"https:\/\/medizinrecht-heynemann.de\/de\/wp-content\/uploads\/sites\/2\/2022\/04\/logo_kanzlei-heynemann.png\",\"contentUrl\":\"https:\/\/medizinrecht-heynemann.de\/de\/wp-content\/uploads\/sites\/2\/2022\/04\/logo_kanzlei-heynemann.png\",\"width\":512,\"height\":512,\"caption\":\"Anwalt f\u00fcr Medizinrecht Heynemann Berlin\"},\"image\":{\"@id\":\"https:\/\/medizinrecht-heynemann.de\/de\/#\/schema\/logo\/image\/\"}}]}<\/script>\n<!-- \/ Yoast SEO plugin. -->","yoast_head_json":{"title":"Behandlungsfehler Geburtsschaden: Medizinrecht Heynemann - Kanzlei","description":"Wir sind Fachanw\u00e4lte f\u00fcr Medizinrecht und Versicherungsrecht und helfen Ihnen bei Behandlunsfehlern, Geburtssch\u00e4den, und Arzthaftungsfehlern","robots":{"index":"index","follow":"follow","max-snippet":"max-snippet:-1","max-image-preview":"max-image-preview:large","max-video-preview":"max-video-preview:-1"},"canonical":"https:\/\/medizinrecht-heynemann.de\/de\/kanzlei-heynemann\/","og_locale":"de_DE","og_type":"article","og_title":"Medizinrecht Behandlungsfehler Geburtsschaden: Kanzlei Heynemann","og_description":"Wir sind Fachanw\u00e4lte f\u00fcr Medizinrecht und Versicherungsrecht und helfen Ihnen bei Behandlunsfehlern, Geburtssch\u00e4den, und Arzthaftungsfehlern","og_url":"https:\/\/medizinrecht-heynemann.de\/de\/kanzlei-heynemann\/","og_site_name":"Kanzlei Heynemann","article_modified_time":"2025-02-11T11:34:00+00:00","og_image":[{"width":2000,"height":1303,"url":"https:\/\/medizinrecht-heynemann.de\/de\/wp-content\/uploads\/sites\/2\/2021\/11\/medizinrecht-heynemann_slide01.jpg","type":"image\/jpeg"}],"twitter_card":"summary_large_image","twitter_title":"Medizinrecht Behandlungsfehler Geburtsschaden: Kanzlei Heynemann","twitter_description":"Wir sind Fachanw\u00e4lte f\u00fcr Medizinrecht und Versicherungsrecht und helfen Ihnen bei Behandlunsfehlern, Geburtssch\u00e4den, und Arzthaftungsfehlern","twitter_image":"https:\/\/medizinrecht-heynemann.de\/de\/wp-content\/uploads\/sites\/2\/2021\/11\/medizinrecht-heynemann_slide01.jpg","twitter_misc":{"Gesch\u00e4tzte Lesezeit":"1\u00a0Minute"},"schema":{"@context":"https:\/\/schema.org","@graph":[{"@type":["WebPage","AboutPage"],"@id":"https:\/\/medizinrecht-heynemann.de\/de\/kanzlei-heynemann\/","url":"https:\/\/medizinrecht-heynemann.de\/de\/kanzlei-heynemann\/","name":"Behandlungsfehler Geburtsschaden: Medizinrecht Heynemann - Kanzlei","isPartOf":{"@id":"https:\/\/medizinrecht-heynemann.de\/de\/#website"},"primaryImageOfPage":{"@id":"https:\/\/medizinrecht-heynemann.de\/de\/kanzlei-heynemann\/#primaryimage"},"image":{"@id":"https:\/\/medizinrecht-heynemann.de\/de\/kanzlei-heynemann\/#primaryimage"},"thumbnailUrl":"https:\/\/medizinrecht-heynemann.de\/de\/wp-content\/uploads\/sites\/2\/2021\/11\/medizinrecht-heynemann_slide01.jpg","datePublished":"2025-02-10T15:04:44+00:00","dateModified":"2025-02-11T11:34:00+00:00","description":"Wir sind Fachanw\u00e4lte f\u00fcr Medizinrecht und Versicherungsrecht und helfen Ihnen bei Behandlunsfehlern, Geburtssch\u00e4den, und Arzthaftungsfehlern","inLanguage":"de","potentialAction":[{"@type":"ReadAction","target":["https:\/\/medizinrecht-heynemann.de\/de\/kanzlei-heynemann\/"]}]},{"@type":"ImageObject","inLanguage":"de","@id":"https:\/\/medizinrecht-heynemann.de\/de\/kanzlei-heynemann\/#primaryimage","url":"https:\/\/medizinrecht-heynemann.de\/de\/wp-content\/uploads\/sites\/2\/2021\/11\/medizinrecht-heynemann_slide01.jpg","contentUrl":"https:\/\/medizinrecht-heynemann.de\/de\/wp-content\/uploads\/sites\/2\/2021\/11\/medizinrecht-heynemann_slide01.jpg","width":2000,"height":1303,"caption":"Anwaltskanzlei f\u00fcr Medizinrecht Berlin: Arzthaftungssch\u00e4den, Geburtssch\u00e4den, Medizinproduktehaftung"},{"@type":"WebSite","@id":"https:\/\/medizinrecht-heynemann.de\/de\/#website","url":"https:\/\/medizinrecht-heynemann.de\/de\/","name":"Kanzlei Heynemann","description":"Rechtsanw\u00e4lte f\u00fcr Medizinrecht und Geburtsschadensrecht","publisher":{"@id":"https:\/\/medizinrecht-heynemann.de\/de\/#organization"},"potentialAction":[{"@type":"SearchAction","target":{"@type":"EntryPoint","urlTemplate":"https:\/\/medizinrecht-heynemann.de\/de\/?s={search_term_string}"},"query-input":{"@type":"PropertyValueSpecification","valueRequired":true,"valueName":"search_term_string"}}],"inLanguage":"de"},{"@type":"Organization","@id":"https:\/\/medizinrecht-heynemann.de\/de\/#organization","name":"Anwalt f\u00fcr Medizinrecht Heynemann Berlin","url":"https:\/\/medizinrecht-heynemann.de\/de\/","logo":{"@type":"ImageObject","inLanguage":"de","@id":"https:\/\/medizinrecht-heynemann.de\/de\/#\/schema\/logo\/image\/","url":"https:\/\/medizinrecht-heynemann.de\/de\/wp-content\/uploads\/sites\/2\/2022\/04\/logo_kanzlei-heynemann.png","contentUrl":"https:\/\/medizinrecht-heynemann.de\/de\/wp-content\/uploads\/sites\/2\/2022\/04\/logo_kanzlei-heynemann.png","width":512,"height":512,"caption":"Anwalt f\u00fcr Medizinrecht Heynemann Berlin"},"image":{"@id":"https:\/\/medizinrecht-heynemann.de\/de\/#\/schema\/logo\/image\/"}}]}},"_links":{"self":[{"href":"https:\/\/medizinrecht-heynemann.de\/de\/wp-json\/wp\/v2\/pages\/86","targetHints":{"allow":["GET"]}}],"collection":[{"href":"https:\/\/medizinrecht-heynemann.de\/de\/wp-json\/wp\/v2\/pages"}],"about":[{"href":"https:\/\/medizinrecht-heynemann.de\/de\/wp-json\/wp\/v2\/types\/page"}],"author":[{"embeddable":true,"href":"https:\/\/medizinrecht-heynemann.de\/de\/wp-json\/wp\/v2\/users\/1"}],"replies":[{"embeddable":true,"href":"https:\/\/medizinrecht-heynemann.de\/de\/wp-json\/wp\/v2\/comments?post=86"}],"version-history":[{"count":0,"href":"https:\/\/medizinrecht-heynemann.de\/de\/wp-json\/wp\/v2\/pages\/86\/revisions"}],"wp:featuredmedia":[{"embeddable":true,"href":"https:\/\/medizinrecht-heynemann.de\/de\/wp-json\/wp\/v2\/media\/479"}],"wp:attachment":[{"href":"https:\/\/medizinrecht-heynemann.de\/de\/wp-json\/wp\/v2\/media?parent=86"}],"curies":[{"name":"wp","href":"https:\/\/api.w.org\/{rel}","templated":true}]}}