{"id":556,"date":"2025-02-10T13:58:02","date_gmt":"2025-02-10T12:58:02","guid":{"rendered":"https:\/\/medizinrecht-heynemann.de\/de\/?page_id=556"},"modified":"2025-02-11T12:34:14","modified_gmt":"2025-02-11T11:34:14","slug":"impressum","status":"publish","type":"page","link":"https:\/\/medizinrecht-heynemann.de\/de\/impressum\/","title":{"rendered":"Impressum"},"content":{"rendered":"","protected":false},"excerpt":{"rendered":"","protected":false},"author":1,"featured_media":505,"parent":0,"menu_order":0,"comment_status":"closed","ping_status":"closed","template":"","meta":{"footnotes":""},"class_list":["post-556","page","type-page","status-publish","has-post-thumbnail","hentry"],"yoast_head":"<!-- This site is optimized with the Yoast SEO plugin v26.9 - https:\/\/yoast.com\/product\/yoast-seo-wordpress\/ -->\n<title>Behandlungsfehler Geburtsschaden: Kanzlei Heynemann - Impressum<\/title>\n<meta name=\"description\" content=\"Wir sind Fachanw\u00e4lte f\u00fcr Medizinrecht und Versicherungsrecht und helfen Ihnen bei Behandlunsfehlern, Geburtssch\u00e4den, und Arzthaftungsfehlern\" \/>\n<meta name=\"robots\" content=\"noindex, nofollow\" \/>\n<meta property=\"og:locale\" content=\"de_DE\" \/>\n<meta property=\"og:type\" content=\"article\" \/>\n<meta property=\"og:title\" content=\"Medizinrecht Behandlungsfehler Geburtsschaden: Kanzlei Heynemann\" \/>\n<meta property=\"og:description\" content=\"Wir sind Fachanw\u00e4lte f\u00fcr Medizinrecht und Versicherungsrecht und helfen Ihnen bei Behandlunsfehlern, Geburtssch\u00e4den, und Arzthaftungsfehlern\" \/>\n<meta property=\"og:url\" content=\"https:\/\/medizinrecht-heynemann.de\/de\/impressum\/\" \/>\n<meta property=\"og:site_name\" content=\"Kanzlei Heynemann\" \/>\n<meta property=\"article:modified_time\" content=\"2025-02-11T11:34:14+00:00\" \/>\n<meta property=\"og:image\" content=\"https:\/\/medizinrecht-heynemann.de\/de\/wp-content\/uploads\/sites\/2\/2022\/03\/medizinrechtheynemann_hero_kontakt.jpg\" \/>\n\t<meta property=\"og:image:width\" content=\"2000\" \/>\n\t<meta property=\"og:image:height\" content=\"1334\" \/>\n\t<meta property=\"og:image:type\" content=\"image\/jpeg\" \/>\n<meta name=\"twitter:card\" content=\"summary_large_image\" \/>\n<meta name=\"twitter:title\" content=\"Medizinrecht Behandlungsfehler Geburtsschaden: Kanzlei Heynemann\" \/>\n<meta name=\"twitter:description\" content=\"Wir sind Fachanw\u00e4lte f\u00fcr Medizinrecht und Versicherungsrecht und helfen Ihnen bei Behandlunsfehlern, Geburtssch\u00e4den, und Arzthaftungsfehlern\" \/>\n<meta name=\"twitter:label1\" content=\"Gesch\u00e4tzte Lesezeit\" \/>\n\t<meta name=\"twitter:data1\" content=\"1\u00a0Minute\" \/>\n<script type=\"application\/ld+json\" class=\"yoast-schema-graph\">{\"@context\":\"https:\/\/schema.org\",\"@graph\":[{\"@type\":\"WebPage\",\"@id\":\"https:\/\/medizinrecht-heynemann.de\/de\/impressum\/\",\"url\":\"https:\/\/medizinrecht-heynemann.de\/de\/impressum\/\",\"name\":\"Behandlungsfehler Geburtsschaden: Kanzlei Heynemann - Impressum\",\"isPartOf\":{\"@id\":\"https:\/\/medizinrecht-heynemann.de\/de\/#website\"},\"primaryImageOfPage\":{\"@id\":\"https:\/\/medizinrecht-heynemann.de\/de\/impressum\/#primaryimage\"},\"image\":{\"@id\":\"https:\/\/medizinrecht-heynemann.de\/de\/impressum\/#primaryimage\"},\"thumbnailUrl\":\"https:\/\/medizinrecht-heynemann.de\/de\/wp-content\/uploads\/sites\/2\/2022\/03\/medizinrechtheynemann_hero_kontakt.jpg\",\"datePublished\":\"2025-02-10T12:58:02+00:00\",\"dateModified\":\"2025-02-11T11:34:14+00:00\",\"description\":\"Wir sind Fachanw\u00e4lte f\u00fcr Medizinrecht und Versicherungsrecht und helfen Ihnen bei Behandlunsfehlern, Geburtssch\u00e4den, und Arzthaftungsfehlern\",\"inLanguage\":\"de\",\"potentialAction\":[{\"@type\":\"ReadAction\",\"target\":[\"https:\/\/medizinrecht-heynemann.de\/de\/impressum\/\"]}]},{\"@type\":\"ImageObject\",\"inLanguage\":\"de\",\"@id\":\"https:\/\/medizinrecht-heynemann.de\/de\/impressum\/#primaryimage\",\"url\":\"https:\/\/medizinrecht-heynemann.de\/de\/wp-content\/uploads\/sites\/2\/2022\/03\/medizinrechtheynemann_hero_kontakt.jpg\",\"contentUrl\":\"https:\/\/medizinrecht-heynemann.de\/de\/wp-content\/uploads\/sites\/2\/2022\/03\/medizinrechtheynemann_hero_kontakt.jpg\",\"width\":2000,\"height\":1334,\"caption\":\"Anwalt Medizinrecht Berlin Kanzlei Heynemann - Anwalt f\u00fcr Geburtssch\u00e4den Arzthaftung Arzzeimittelrecht Medizinprodukte\"},{\"@type\":\"WebSite\",\"@id\":\"https:\/\/medizinrecht-heynemann.de\/de\/#website\",\"url\":\"https:\/\/medizinrecht-heynemann.de\/de\/\",\"name\":\"Kanzlei Heynemann\",\"description\":\"Rechtsanw\u00e4lte f\u00fcr Medizinrecht und Geburtsschadensrecht\",\"publisher\":{\"@id\":\"https:\/\/medizinrecht-heynemann.de\/de\/#organization\"},\"potentialAction\":[{\"@type\":\"SearchAction\",\"target\":{\"@type\":\"EntryPoint\",\"urlTemplate\":\"https:\/\/medizinrecht-heynemann.de\/de\/?s={search_term_string}\"},\"query-input\":{\"@type\":\"PropertyValueSpecification\",\"valueRequired\":true,\"valueName\":\"search_term_string\"}}],\"inLanguage\":\"de\"},{\"@type\":\"Organization\",\"@id\":\"https:\/\/medizinrecht-heynemann.de\/de\/#organization\",\"name\":\"Anwalt f\u00fcr Medizinrecht Heynemann Berlin\",\"url\":\"https:\/\/medizinrecht-heynemann.de\/de\/\",\"logo\":{\"@type\":\"ImageObject\",\"inLanguage\":\"de\",\"@id\":\"https:\/\/medizinrecht-heynemann.de\/de\/#\/schema\/logo\/image\/\",\"url\":\"https:\/\/medizinrecht-heynemann.de\/de\/wp-content\/uploads\/sites\/2\/2022\/04\/logo_kanzlei-heynemann.png\",\"contentUrl\":\"https:\/\/medizinrecht-heynemann.de\/de\/wp-content\/uploads\/sites\/2\/2022\/04\/logo_kanzlei-heynemann.png\",\"width\":512,\"height\":512,\"caption\":\"Anwalt f\u00fcr Medizinrecht Heynemann Berlin\"},\"image\":{\"@id\":\"https:\/\/medizinrecht-heynemann.de\/de\/#\/schema\/logo\/image\/\"}}]}<\/script>\n<!-- \/ Yoast SEO plugin. -->","yoast_head_json":{"title":"Behandlungsfehler Geburtsschaden: Kanzlei Heynemann - Impressum","description":"Wir sind Fachanw\u00e4lte f\u00fcr Medizinrecht und Versicherungsrecht und helfen Ihnen bei Behandlunsfehlern, Geburtssch\u00e4den, und Arzthaftungsfehlern","robots":{"index":"noindex","follow":"nofollow"},"og_locale":"de_DE","og_type":"article","og_title":"Medizinrecht Behandlungsfehler Geburtsschaden: Kanzlei Heynemann","og_description":"Wir sind Fachanw\u00e4lte f\u00fcr Medizinrecht und Versicherungsrecht und helfen Ihnen bei Behandlunsfehlern, Geburtssch\u00e4den, und Arzthaftungsfehlern","og_url":"https:\/\/medizinrecht-heynemann.de\/de\/impressum\/","og_site_name":"Kanzlei Heynemann","article_modified_time":"2025-02-11T11:34:14+00:00","og_image":[{"width":2000,"height":1334,"url":"https:\/\/medizinrecht-heynemann.de\/de\/wp-content\/uploads\/sites\/2\/2022\/03\/medizinrechtheynemann_hero_kontakt.jpg","type":"image\/jpeg"}],"twitter_card":"summary_large_image","twitter_title":"Medizinrecht Behandlungsfehler Geburtsschaden: Kanzlei Heynemann","twitter_description":"Wir sind Fachanw\u00e4lte f\u00fcr Medizinrecht und Versicherungsrecht und helfen Ihnen bei Behandlunsfehlern, Geburtssch\u00e4den, und Arzthaftungsfehlern","twitter_misc":{"Gesch\u00e4tzte Lesezeit":"1\u00a0Minute"},"schema":{"@context":"https:\/\/schema.org","@graph":[{"@type":"WebPage","@id":"https:\/\/medizinrecht-heynemann.de\/de\/impressum\/","url":"https:\/\/medizinrecht-heynemann.de\/de\/impressum\/","name":"Behandlungsfehler Geburtsschaden: Kanzlei Heynemann - Impressum","isPartOf":{"@id":"https:\/\/medizinrecht-heynemann.de\/de\/#website"},"primaryImageOfPage":{"@id":"https:\/\/medizinrecht-heynemann.de\/de\/impressum\/#primaryimage"},"image":{"@id":"https:\/\/medizinrecht-heynemann.de\/de\/impressum\/#primaryimage"},"thumbnailUrl":"https:\/\/medizinrecht-heynemann.de\/de\/wp-content\/uploads\/sites\/2\/2022\/03\/medizinrechtheynemann_hero_kontakt.jpg","datePublished":"2025-02-10T12:58:02+00:00","dateModified":"2025-02-11T11:34:14+00:00","description":"Wir sind Fachanw\u00e4lte f\u00fcr Medizinrecht und Versicherungsrecht und helfen Ihnen bei Behandlunsfehlern, Geburtssch\u00e4den, und Arzthaftungsfehlern","inLanguage":"de","potentialAction":[{"@type":"ReadAction","target":["https:\/\/medizinrecht-heynemann.de\/de\/impressum\/"]}]},{"@type":"ImageObject","inLanguage":"de","@id":"https:\/\/medizinrecht-heynemann.de\/de\/impressum\/#primaryimage","url":"https:\/\/medizinrecht-heynemann.de\/de\/wp-content\/uploads\/sites\/2\/2022\/03\/medizinrechtheynemann_hero_kontakt.jpg","contentUrl":"https:\/\/medizinrecht-heynemann.de\/de\/wp-content\/uploads\/sites\/2\/2022\/03\/medizinrechtheynemann_hero_kontakt.jpg","width":2000,"height":1334,"caption":"Anwalt Medizinrecht Berlin Kanzlei Heynemann - Anwalt f\u00fcr Geburtssch\u00e4den Arzthaftung Arzzeimittelrecht Medizinprodukte"},{"@type":"WebSite","@id":"https:\/\/medizinrecht-heynemann.de\/de\/#website","url":"https:\/\/medizinrecht-heynemann.de\/de\/","name":"Kanzlei Heynemann","description":"Rechtsanw\u00e4lte f\u00fcr Medizinrecht und Geburtsschadensrecht","publisher":{"@id":"https:\/\/medizinrecht-heynemann.de\/de\/#organization"},"potentialAction":[{"@type":"SearchAction","target":{"@type":"EntryPoint","urlTemplate":"https:\/\/medizinrecht-heynemann.de\/de\/?s={search_term_string}"},"query-input":{"@type":"PropertyValueSpecification","valueRequired":true,"valueName":"search_term_string"}}],"inLanguage":"de"},{"@type":"Organization","@id":"https:\/\/medizinrecht-heynemann.de\/de\/#organization","name":"Anwalt f\u00fcr Medizinrecht Heynemann Berlin","url":"https:\/\/medizinrecht-heynemann.de\/de\/","logo":{"@type":"ImageObject","inLanguage":"de","@id":"https:\/\/medizinrecht-heynemann.de\/de\/#\/schema\/logo\/image\/","url":"https:\/\/medizinrecht-heynemann.de\/de\/wp-content\/uploads\/sites\/2\/2022\/04\/logo_kanzlei-heynemann.png","contentUrl":"https:\/\/medizinrecht-heynemann.de\/de\/wp-content\/uploads\/sites\/2\/2022\/04\/logo_kanzlei-heynemann.png","width":512,"height":512,"caption":"Anwalt f\u00fcr Medizinrecht Heynemann Berlin"},"image":{"@id":"https:\/\/medizinrecht-heynemann.de\/de\/#\/schema\/logo\/image\/"}}]}},"_links":{"self":[{"href":"https:\/\/medizinrecht-heynemann.de\/de\/wp-json\/wp\/v2\/pages\/556","targetHints":{"allow":["GET"]}}],"collection":[{"href":"https:\/\/medizinrecht-heynemann.de\/de\/wp-json\/wp\/v2\/pages"}],"about":[{"href":"https:\/\/medizinrecht-heynemann.de\/de\/wp-json\/wp\/v2\/types\/page"}],"author":[{"embeddable":true,"href":"https:\/\/medizinrecht-heynemann.de\/de\/wp-json\/wp\/v2\/users\/1"}],"replies":[{"embeddable":true,"href":"https:\/\/medizinrecht-heynemann.de\/de\/wp-json\/wp\/v2\/comments?post=556"}],"version-history":[{"count":0,"href":"https:\/\/medizinrecht-heynemann.de\/de\/wp-json\/wp\/v2\/pages\/556\/revisions"}],"wp:featuredmedia":[{"embeddable":true,"href":"https:\/\/medizinrecht-heynemann.de\/de\/wp-json\/wp\/v2\/media\/505"}],"wp:attachment":[{"href":"https:\/\/medizinrecht-heynemann.de\/de\/wp-json\/wp\/v2\/media?parent=556"}],"curies":[{"name":"wp","href":"https:\/\/api.w.org\/{rel}","templated":true}]}}