{"id":353,"date":"2025-02-10T15:08:42","date_gmt":"2025-02-10T14:08:42","guid":{"rendered":"https:\/\/medizinrecht-heynemann.de\/de\/?page_id=353"},"modified":"2025-02-11T12:25:55","modified_gmt":"2025-02-11T11:25:55","slug":"berufsunfaehigkeitsversicherung","status":"publish","type":"page","link":"https:\/\/medizinrecht-heynemann.de\/de\/rechtsgebiete\/versicherungsrecht\/berufsunfaehigkeitsversicherung\/","title":{"rendered":"Berufsunf\u00e4higkeitsversicherung"},"content":{"rendered":"","protected":false},"excerpt":{"rendered":"<p>F\u00e4llt die eigene Arbeitskraft aufgrund einer gesundheitlichen Einschr\u00e4nkung weg, hat dies fast immer eine gro\u00dfe existenzielle Bedeutung f\u00fcr die Betroffenen. Dabei geht es nicht nur um den Verlust des Arbeitsplatzes oder der selbstst\u00e4ndigen T\u00e4tigkeit, sondern auch und besonders um die weitere finanzielle Zukunft. Verweigert die Berufsunf\u00e4higkeitsversicherung die Leistung, ist deshalb schnelle anwaltliche Unterst\u00fctzung durch einen Fachanwalt f\u00fcr Versicherungsrecht wichtig. Was Sie bei Streitigkeiten mit Ihrer Berufsunf\u00e4higkeitsversicherung beachten m\u00fcssen, erfahren Sie hier.<\/p>\n","protected":false},"author":1,"featured_media":503,"parent":127,"menu_order":6,"comment_status":"closed","ping_status":"closed","template":"","meta":{"footnotes":""},"class_list":["post-353","page","type-page","status-publish","has-post-thumbnail","hentry"],"yoast_head":"<!-- This site is optimized with the Yoast SEO plugin v26.9 - https:\/\/yoast.com\/product\/yoast-seo-wordpress\/ -->\n<title>Anwalt f\u00fcr Versicherungsrecht - Kanzlei Heynemann - Berufsunf\u00e4higkeit<\/title>\n<meta name=\"description\" content=\"Als Anwalt f\u00fcr Versicherungsrecht vertrete ich Sie bei Streitigkeiten mit Ihrer Berufsunf\u00e4higkeitsversicherung. In Berlin und bundesweit.\" \/>\n<meta name=\"robots\" content=\"index, follow, max-snippet:-1, max-image-preview:large, max-video-preview:-1\" \/>\n<link rel=\"canonical\" href=\"https:\/\/medizinrecht-heynemann.de\/de\/rechtsgebiete\/versicherungsrecht\/berufsunfaehigkeitsversicherung\/\" \/>\n<meta property=\"og:locale\" content=\"de_DE\" \/>\n<meta property=\"og:type\" content=\"article\" \/>\n<meta property=\"og:title\" content=\"Anwalt f\u00fcr Versicherungsrecht - Kanzlei Heynemann - Berufsunf\u00e4higkeit\" \/>\n<meta property=\"og:description\" content=\"Als Anwalt f\u00fcr Versicherungsrecht vertrete ich Sie bei Streitigkeiten mit Ihrer Berufsunf\u00e4higkeitsversicherung. In Berlin und bundesweit.\" \/>\n<meta property=\"og:url\" content=\"https:\/\/medizinrecht-heynemann.de\/de\/rechtsgebiete\/versicherungsrecht\/berufsunfaehigkeitsversicherung\/\" \/>\n<meta property=\"og:site_name\" content=\"Kanzlei Heynemann\" \/>\n<meta property=\"article:modified_time\" content=\"2025-02-11T11:25:55+00:00\" \/>\n<meta property=\"og:image\" content=\"https:\/\/medizinrecht-heynemann.de\/de\/wp-content\/uploads\/sites\/2\/2022\/03\/medizinrechtheynemann_hero_rechtsgebiete.jpg\" \/>\n\t<meta property=\"og:image:width\" content=\"2000\" \/>\n\t<meta property=\"og:image:height\" content=\"1334\" \/>\n\t<meta property=\"og:image:type\" content=\"image\/jpeg\" \/>\n<meta name=\"twitter:card\" content=\"summary_large_image\" \/>\n<meta name=\"twitter:title\" content=\"Anwalt f\u00fcr Versicherungsrecht - Kanzlei Heynemann - Berufsunf\u00e4higkeit\" \/>\n<meta name=\"twitter:description\" content=\"Als Anwalt f\u00fcr Versicherungsrecht vertrete ich Sie bei Streitigkeiten mit Ihrer Berufsunf\u00e4higkeitsversicherung. In Berlin und bundesweit.\" \/>\n<meta name=\"twitter:image\" content=\"https:\/\/medizinrecht-heynemann.de\/de\/wp-content\/uploads\/sites\/2\/2022\/03\/medizinrechtheynemann_hero_rechtsgebiete.jpg\" \/>\n<meta name=\"twitter:label1\" content=\"Gesch\u00e4tzte Lesezeit\" \/>\n\t<meta name=\"twitter:data1\" content=\"1\u00a0Minute\" \/>\n<script type=\"application\/ld+json\" class=\"yoast-schema-graph\">{\"@context\":\"https:\/\/schema.org\",\"@graph\":[{\"@type\":\"WebPage\",\"@id\":\"https:\/\/medizinrecht-heynemann.de\/de\/rechtsgebiete\/versicherungsrecht\/berufsunfaehigkeitsversicherung\/\",\"url\":\"https:\/\/medizinrecht-heynemann.de\/de\/rechtsgebiete\/versicherungsrecht\/berufsunfaehigkeitsversicherung\/\",\"name\":\"Anwalt f\u00fcr Versicherungsrecht - Kanzlei Heynemann - Berufsunf\u00e4higkeit\",\"isPartOf\":{\"@id\":\"https:\/\/medizinrecht-heynemann.de\/de\/#website\"},\"primaryImageOfPage\":{\"@id\":\"https:\/\/medizinrecht-heynemann.de\/de\/rechtsgebiete\/versicherungsrecht\/berufsunfaehigkeitsversicherung\/#primaryimage\"},\"image\":{\"@id\":\"https:\/\/medizinrecht-heynemann.de\/de\/rechtsgebiete\/versicherungsrecht\/berufsunfaehigkeitsversicherung\/#primaryimage\"},\"thumbnailUrl\":\"https:\/\/medizinrecht-heynemann.de\/de\/wp-content\/uploads\/sites\/2\/2022\/03\/medizinrechtheynemann_hero_rechtsgebiete.jpg\",\"datePublished\":\"2025-02-10T14:08:42+00:00\",\"dateModified\":\"2025-02-11T11:25:55+00:00\",\"description\":\"Als Anwalt f\u00fcr Versicherungsrecht vertrete ich Sie bei Streitigkeiten mit Ihrer Berufsunf\u00e4higkeitsversicherung. In Berlin und bundesweit.\",\"breadcrumb\":{\"@id\":\"https:\/\/medizinrecht-heynemann.de\/de\/rechtsgebiete\/versicherungsrecht\/berufsunfaehigkeitsversicherung\/#breadcrumb\"},\"inLanguage\":\"de\",\"potentialAction\":[{\"@type\":\"ReadAction\",\"target\":[\"https:\/\/medizinrecht-heynemann.de\/de\/rechtsgebiete\/versicherungsrecht\/berufsunfaehigkeitsversicherung\/\"]}]},{\"@type\":\"ImageObject\",\"inLanguage\":\"de\",\"@id\":\"https:\/\/medizinrecht-heynemann.de\/de\/rechtsgebiete\/versicherungsrecht\/berufsunfaehigkeitsversicherung\/#primaryimage\",\"url\":\"https:\/\/medizinrecht-heynemann.de\/de\/wp-content\/uploads\/sites\/2\/2022\/03\/medizinrechtheynemann_hero_rechtsgebiete.jpg\",\"contentUrl\":\"https:\/\/medizinrecht-heynemann.de\/de\/wp-content\/uploads\/sites\/2\/2022\/03\/medizinrechtheynemann_hero_rechtsgebiete.jpg\",\"width\":2000,\"height\":1334,\"caption\":\"Anwalt Medizinrecht Berlin Kanzlei Heynemann - Arzthaftungssch\u00e4den, Geburtssch\u00e4den, Medizinproduktehaftung\"},{\"@type\":\"BreadcrumbList\",\"@id\":\"https:\/\/medizinrecht-heynemann.de\/de\/rechtsgebiete\/versicherungsrecht\/berufsunfaehigkeitsversicherung\/#breadcrumb\",\"itemListElement\":[{\"@type\":\"ListItem\",\"position\":1,\"name\":\"Rechtsgebiete\",\"item\":\"https:\/\/medizinrecht-heynemann.de\/de\/rechtsgebiete\/\"},{\"@type\":\"ListItem\",\"position\":2,\"name\":\"Versicherungsrecht\",\"item\":\"https:\/\/medizinrecht-heynemann.de\/de\/rechtsgebiete\/versicherungsrecht\/\"},{\"@type\":\"ListItem\",\"position\":3,\"name\":\"Berufsunf\u00e4higkeitsversicherung\"}]},{\"@type\":\"WebSite\",\"@id\":\"https:\/\/medizinrecht-heynemann.de\/de\/#website\",\"url\":\"https:\/\/medizinrecht-heynemann.de\/de\/\",\"name\":\"Kanzlei Heynemann\",\"description\":\"Rechtsanw\u00e4lte f\u00fcr Medizinrecht und Geburtsschadensrecht\",\"publisher\":{\"@id\":\"https:\/\/medizinrecht-heynemann.de\/de\/#organization\"},\"potentialAction\":[{\"@type\":\"SearchAction\",\"target\":{\"@type\":\"EntryPoint\",\"urlTemplate\":\"https:\/\/medizinrecht-heynemann.de\/de\/?s={search_term_string}\"},\"query-input\":{\"@type\":\"PropertyValueSpecification\",\"valueRequired\":true,\"valueName\":\"search_term_string\"}}],\"inLanguage\":\"de\"},{\"@type\":\"Organization\",\"@id\":\"https:\/\/medizinrecht-heynemann.de\/de\/#organization\",\"name\":\"Anwalt f\u00fcr Medizinrecht Heynemann Berlin\",\"url\":\"https:\/\/medizinrecht-heynemann.de\/de\/\",\"logo\":{\"@type\":\"ImageObject\",\"inLanguage\":\"de\",\"@id\":\"https:\/\/medizinrecht-heynemann.de\/de\/#\/schema\/logo\/image\/\",\"url\":\"https:\/\/medizinrecht-heynemann.de\/de\/wp-content\/uploads\/sites\/2\/2022\/04\/logo_kanzlei-heynemann.png\",\"contentUrl\":\"https:\/\/medizinrecht-heynemann.de\/de\/wp-content\/uploads\/sites\/2\/2022\/04\/logo_kanzlei-heynemann.png\",\"width\":512,\"height\":512,\"caption\":\"Anwalt f\u00fcr Medizinrecht Heynemann Berlin\"},\"image\":{\"@id\":\"https:\/\/medizinrecht-heynemann.de\/de\/#\/schema\/logo\/image\/\"}}]}<\/script>\n<!-- \/ Yoast SEO plugin. -->","yoast_head_json":{"title":"Anwalt f\u00fcr Versicherungsrecht - Kanzlei Heynemann - Berufsunf\u00e4higkeit","description":"Als Anwalt f\u00fcr Versicherungsrecht vertrete ich Sie bei Streitigkeiten mit Ihrer Berufsunf\u00e4higkeitsversicherung. In Berlin und bundesweit.","robots":{"index":"index","follow":"follow","max-snippet":"max-snippet:-1","max-image-preview":"max-image-preview:large","max-video-preview":"max-video-preview:-1"},"canonical":"https:\/\/medizinrecht-heynemann.de\/de\/rechtsgebiete\/versicherungsrecht\/berufsunfaehigkeitsversicherung\/","og_locale":"de_DE","og_type":"article","og_title":"Anwalt f\u00fcr Versicherungsrecht - Kanzlei Heynemann - Berufsunf\u00e4higkeit","og_description":"Als Anwalt f\u00fcr Versicherungsrecht vertrete ich Sie bei Streitigkeiten mit Ihrer Berufsunf\u00e4higkeitsversicherung. In Berlin und bundesweit.","og_url":"https:\/\/medizinrecht-heynemann.de\/de\/rechtsgebiete\/versicherungsrecht\/berufsunfaehigkeitsversicherung\/","og_site_name":"Kanzlei Heynemann","article_modified_time":"2025-02-11T11:25:55+00:00","og_image":[{"width":2000,"height":1334,"url":"https:\/\/medizinrecht-heynemann.de\/de\/wp-content\/uploads\/sites\/2\/2022\/03\/medizinrechtheynemann_hero_rechtsgebiete.jpg","type":"image\/jpeg"}],"twitter_card":"summary_large_image","twitter_title":"Anwalt f\u00fcr Versicherungsrecht - Kanzlei Heynemann - Berufsunf\u00e4higkeit","twitter_description":"Als Anwalt f\u00fcr Versicherungsrecht vertrete ich Sie bei Streitigkeiten mit Ihrer Berufsunf\u00e4higkeitsversicherung. In Berlin und bundesweit.","twitter_image":"https:\/\/medizinrecht-heynemann.de\/de\/wp-content\/uploads\/sites\/2\/2022\/03\/medizinrechtheynemann_hero_rechtsgebiete.jpg","twitter_misc":{"Gesch\u00e4tzte Lesezeit":"1\u00a0Minute"},"schema":{"@context":"https:\/\/schema.org","@graph":[{"@type":"WebPage","@id":"https:\/\/medizinrecht-heynemann.de\/de\/rechtsgebiete\/versicherungsrecht\/berufsunfaehigkeitsversicherung\/","url":"https:\/\/medizinrecht-heynemann.de\/de\/rechtsgebiete\/versicherungsrecht\/berufsunfaehigkeitsversicherung\/","name":"Anwalt f\u00fcr Versicherungsrecht - Kanzlei Heynemann - Berufsunf\u00e4higkeit","isPartOf":{"@id":"https:\/\/medizinrecht-heynemann.de\/de\/#website"},"primaryImageOfPage":{"@id":"https:\/\/medizinrecht-heynemann.de\/de\/rechtsgebiete\/versicherungsrecht\/berufsunfaehigkeitsversicherung\/#primaryimage"},"image":{"@id":"https:\/\/medizinrecht-heynemann.de\/de\/rechtsgebiete\/versicherungsrecht\/berufsunfaehigkeitsversicherung\/#primaryimage"},"thumbnailUrl":"https:\/\/medizinrecht-heynemann.de\/de\/wp-content\/uploads\/sites\/2\/2022\/03\/medizinrechtheynemann_hero_rechtsgebiete.jpg","datePublished":"2025-02-10T14:08:42+00:00","dateModified":"2025-02-11T11:25:55+00:00","description":"Als Anwalt f\u00fcr Versicherungsrecht vertrete ich Sie bei Streitigkeiten mit Ihrer Berufsunf\u00e4higkeitsversicherung. In Berlin und bundesweit.","breadcrumb":{"@id":"https:\/\/medizinrecht-heynemann.de\/de\/rechtsgebiete\/versicherungsrecht\/berufsunfaehigkeitsversicherung\/#breadcrumb"},"inLanguage":"de","potentialAction":[{"@type":"ReadAction","target":["https:\/\/medizinrecht-heynemann.de\/de\/rechtsgebiete\/versicherungsrecht\/berufsunfaehigkeitsversicherung\/"]}]},{"@type":"ImageObject","inLanguage":"de","@id":"https:\/\/medizinrecht-heynemann.de\/de\/rechtsgebiete\/versicherungsrecht\/berufsunfaehigkeitsversicherung\/#primaryimage","url":"https:\/\/medizinrecht-heynemann.de\/de\/wp-content\/uploads\/sites\/2\/2022\/03\/medizinrechtheynemann_hero_rechtsgebiete.jpg","contentUrl":"https:\/\/medizinrecht-heynemann.de\/de\/wp-content\/uploads\/sites\/2\/2022\/03\/medizinrechtheynemann_hero_rechtsgebiete.jpg","width":2000,"height":1334,"caption":"Anwalt Medizinrecht Berlin Kanzlei Heynemann - Arzthaftungssch\u00e4den, Geburtssch\u00e4den, Medizinproduktehaftung"},{"@type":"BreadcrumbList","@id":"https:\/\/medizinrecht-heynemann.de\/de\/rechtsgebiete\/versicherungsrecht\/berufsunfaehigkeitsversicherung\/#breadcrumb","itemListElement":[{"@type":"ListItem","position":1,"name":"Rechtsgebiete","item":"https:\/\/medizinrecht-heynemann.de\/de\/rechtsgebiete\/"},{"@type":"ListItem","position":2,"name":"Versicherungsrecht","item":"https:\/\/medizinrecht-heynemann.de\/de\/rechtsgebiete\/versicherungsrecht\/"},{"@type":"ListItem","position":3,"name":"Berufsunf\u00e4higkeitsversicherung"}]},{"@type":"WebSite","@id":"https:\/\/medizinrecht-heynemann.de\/de\/#website","url":"https:\/\/medizinrecht-heynemann.de\/de\/","name":"Kanzlei Heynemann","description":"Rechtsanw\u00e4lte f\u00fcr Medizinrecht und Geburtsschadensrecht","publisher":{"@id":"https:\/\/medizinrecht-heynemann.de\/de\/#organization"},"potentialAction":[{"@type":"SearchAction","target":{"@type":"EntryPoint","urlTemplate":"https:\/\/medizinrecht-heynemann.de\/de\/?s={search_term_string}"},"query-input":{"@type":"PropertyValueSpecification","valueRequired":true,"valueName":"search_term_string"}}],"inLanguage":"de"},{"@type":"Organization","@id":"https:\/\/medizinrecht-heynemann.de\/de\/#organization","name":"Anwalt f\u00fcr Medizinrecht Heynemann Berlin","url":"https:\/\/medizinrecht-heynemann.de\/de\/","logo":{"@type":"ImageObject","inLanguage":"de","@id":"https:\/\/medizinrecht-heynemann.de\/de\/#\/schema\/logo\/image\/","url":"https:\/\/medizinrecht-heynemann.de\/de\/wp-content\/uploads\/sites\/2\/2022\/04\/logo_kanzlei-heynemann.png","contentUrl":"https:\/\/medizinrecht-heynemann.de\/de\/wp-content\/uploads\/sites\/2\/2022\/04\/logo_kanzlei-heynemann.png","width":512,"height":512,"caption":"Anwalt f\u00fcr Medizinrecht Heynemann Berlin"},"image":{"@id":"https:\/\/medizinrecht-heynemann.de\/de\/#\/schema\/logo\/image\/"}}]}},"_links":{"self":[{"href":"https:\/\/medizinrecht-heynemann.de\/de\/wp-json\/wp\/v2\/pages\/353","targetHints":{"allow":["GET"]}}],"collection":[{"href":"https:\/\/medizinrecht-heynemann.de\/de\/wp-json\/wp\/v2\/pages"}],"about":[{"href":"https:\/\/medizinrecht-heynemann.de\/de\/wp-json\/wp\/v2\/types\/page"}],"author":[{"embeddable":true,"href":"https:\/\/medizinrecht-heynemann.de\/de\/wp-json\/wp\/v2\/users\/1"}],"replies":[{"embeddable":true,"href":"https:\/\/medizinrecht-heynemann.de\/de\/wp-json\/wp\/v2\/comments?post=353"}],"version-history":[{"count":0,"href":"https:\/\/medizinrecht-heynemann.de\/de\/wp-json\/wp\/v2\/pages\/353\/revisions"}],"up":[{"embeddable":true,"href":"https:\/\/medizinrecht-heynemann.de\/de\/wp-json\/wp\/v2\/pages\/127"}],"wp:featuredmedia":[{"embeddable":true,"href":"https:\/\/medizinrecht-heynemann.de\/de\/wp-json\/wp\/v2\/media\/503"}],"wp:attachment":[{"href":"https:\/\/medizinrecht-heynemann.de\/de\/wp-json\/wp\/v2\/media?parent=353"}],"curies":[{"name":"wp","href":"https:\/\/api.w.org\/{rel}","templated":true}]}}